{"id":3487,"date":"2025-06-20T13:13:46","date_gmt":"2025-06-20T11:13:46","guid":{"rendered":"https:\/\/llibreriapapereriatrespunts.com\/aviso-legal\/"},"modified":"2025-09-18T12:24:26","modified_gmt":"2025-09-18T10:24:26","slug":"aviso-legal","status":"publish","type":"page","link":"https:\/\/llibreriapapereriatrespunts.com\/es\/aviso-legal\/","title":{"rendered":"Aviso Legal"},"content":{"rendered":"\t\t<div data-elementor-type=\"wp-page\" data-elementor-id=\"3487\" class=\"elementor elementor-3487 elementor-2141\">\n\t\t\t\t<div class=\"elementor-element elementor-element-a18ce73 e-con-full e-flex e-con e-parent\" data-id=\"a18ce73\" data-element_type=\"container\" data-settings=\"{&quot;background_background&quot;:&quot;classic&quot;}\">\n\t\t<div class=\"elementor-element elementor-element-098de83 e-con-full e-flex e-con e-child\" data-id=\"098de83\" data-element_type=\"container\">\n\t\t\t\t<div class=\"elementor-element elementor-element-821c325 elementor-position-left elementor-vertical-align-middle elementor-mobile-position-left elementor-view-default elementor-widget elementor-widget-icon-box\" data-id=\"821c325\" data-element_type=\"widget\" data-widget_type=\"icon-box.default\">\n\t\t\t\t<div class=\"elementor-widget-container\">\n\t\t\t\t\t\t\t<div class=\"elementor-icon-box-wrapper\">\n\n\t\t\t\t\t\t<div class=\"elementor-icon-box-icon\">\n\t\t\t\t<span  class=\"elementor-icon\">\n\t\t\t\t<svg xmlns=\"http:\/\/www.w3.org\/2000\/svg\" width=\"42\" height=\"42\" viewBox=\"0 0 42 42\" fill=\"none\"><circle cx=\"21\" cy=\"21\" r=\"21\" fill=\"#3E70B7\"><\/circle><\/svg>\t\t\t\t<\/span>\n\t\t\t<\/div>\n\t\t\t\n\t\t\t\t\t\t<div class=\"elementor-icon-box-content\">\n\n\t\t\t\t\t\t\t\t\t<h1 class=\"elementor-icon-box-title\">\n\t\t\t\t\t\t<span  >\n\t\t\t\t\t\t\tAviso Legal\t\t\t\t\t\t<\/span>\n\t\t\t\t\t<\/h1>\n\t\t\t\t\n\t\t\t\t\n\t\t\t<\/div>\n\t\t\t\n\t\t<\/div>\n\t\t\t\t\t\t<\/div>\n\t\t\t\t<\/div>\n\t\t\t\t<\/div>\n\t\t\t\t<\/div>\n\t\t<div class=\"elementor-element elementor-element-ce2d8e5 e-flex e-con-boxed e-con e-parent\" data-id=\"ce2d8e5\" data-element_type=\"container\">\n\t\t\t\t\t<div class=\"e-con-inner\">\n\t\t<div class=\"elementor-element elementor-element-a00ebb9 e-con-full e-flex e-con e-child\" data-id=\"a00ebb9\" data-element_type=\"container\">\n\t\t\t\t<div data-raven-element-link=\"{&quot;url&quot;:&quot;https:\\\/\\\/llibreriapapereriatrespunts.com\\\/3punts\\\/&quot;,&quot;is_external&quot;:&quot;&quot;,&quot;nofollow&quot;:&quot;&quot;,&quot;custom_attributes&quot;:&quot;&quot;}\" style=\"cursor: pointer\" class=\"elementor-element elementor-element-897aaf7 elementor-position-left elementor-vertical-align-middle elementor-mobile-position-left elementor-vertical-align-middle elementor-view-default elementor-widget elementor-widget-icon-box\" data-id=\"897aaf7\" data-element_type=\"widget\" data-widget_type=\"icon-box.default\">\n\t\t\t\t<div class=\"elementor-widget-container\">\n\t\t\t\t\t\t\t<div class=\"elementor-icon-box-wrapper\">\n\n\t\t\t\t\t\t<div class=\"elementor-icon-box-icon\">\n\t\t\t\t<a href=\"https:\/\/llibreriapapereriatrespunts.com\/es\/\" class=\"elementor-icon\" tabindex=\"-1\">\n\t\t\t\t<svg xmlns=\"http:\/\/www.w3.org\/2000\/svg\" width=\"33\" height=\"33\" viewBox=\"0 0 33 33\" fill=\"none\"><path d=\"M10.3086 16.1456L15.1807 11.2735M10.3086 16.1456L15.1807 21.0177M10.3086 16.1456H21.6769\" stroke=\"#3E70B7\" stroke-width=\"1.5\" stroke-linecap=\"round\" stroke-linejoin=\"round\"><\/path><\/svg>\t\t\t\t<\/a>\n\t\t\t<\/div>\n\t\t\t\n\t\t\t\t\t\t<div class=\"elementor-icon-box-content\">\n\n\t\t\t\t\n\t\t\t\t\t\t\t\t\t<p class=\"elementor-icon-box-description\">\n\t\t\t\t\t\t<span>Inicio<\/span> > \t\t\t\t\t<\/p>\n\t\t\t\t\n\t\t\t<\/div>\n\t\t\t\n\t\t<\/div>\n\t\t\t\t\t\t<\/div>\n\t\t\t\t<\/div>\n\t\t\t\t<\/div>\n\t\t<div class=\"elementor-element elementor-element-39ec8bb e-con-full e-flex e-con e-child\" data-id=\"39ec8bb\" data-element_type=\"container\">\n\t\t\t\t<div class=\"elementor-element elementor-element-0002b6c elementor-widget elementor-widget-heading\" data-id=\"0002b6c\" data-element_type=\"widget\" data-widget_type=\"heading.default\">\n\t\t\t\t<div class=\"elementor-widget-container\">\n\t\t\t\t\t<h2 class=\"elementor-heading-title elementor-size-default\">LEY DE LOS SERVICIOS DE LA SOCIEDAD DE LA INFORMACI\u00d3N (LSSI)<\/h2>\t\t\t\t<\/div>\n\t\t\t\t<\/div>\n\t\t\t\t<div class=\"elementor-element elementor-element-11fad88 elementor-widget elementor-widget-text-editor\" data-id=\"11fad88\" data-element_type=\"widget\" data-widget_type=\"text-editor.default\">\n\t\t\t\t<div class=\"elementor-widget-container\">\n\t\t\t\t\t\t\t\t\t<p>LIBRER\u00cdA PAPELER\u00cdA TRES PUNTOS, S.L., responsable del sitio web www.llibreriapapereriatrespunts.com (de ahora en adelante RESPONSABLE), pose a disposici\u00f3n de los usuarios este documento con el objetivo de dar cumplimiento a la Ley 34\/2002, de 11 de julio, de Servicios de la Sociedad de la Informaci\u00f3n y E-commerce (LSSICE), as\u00ed como informar sobre las condiciones de uso del sitio web.<\/p>\n<p>Toda persona que acceda a este sitio web asume la condici\u00f3n de usuario, comprometi\u00e9ndose a la observancia y cumplimiento riguroso de las disposiciones aqu\u00ed recogidas, as\u00ed como cualquier otra normativa aplicable.<\/p>\n<p>LIBRER\u00cdA PAPELER\u00cdA TRES PUNTOS, S.L. se reserva el derecho de modificar, sin aviso previo, cualquier informaci\u00f3n publicada al sitio web, entendi\u00e9ndose como suficiente su publicaci\u00f3n al dominio <a href=\"https:\/\/llibreriapapereriatrespunts.com\/es\" target=\"_blank\" rel=\"noopener\"><span style=\"text-decoration: underline;\">www.llibreriapapereriatrespunts.com<\/span><\/a>.<\/p>\n\t\t\t\t\t\t\t\t<\/div>\n\t\t\t\t<\/div>\n\t\t\t\t<\/div>\n\t\t<div class=\"elementor-element elementor-element-bb2ba76 e-con-full e-flex e-con e-child\" data-id=\"bb2ba76\" data-element_type=\"container\">\n\t\t\t\t<div class=\"elementor-element elementor-element-a14204c elementor-widget elementor-widget-heading\" data-id=\"a14204c\" data-element_type=\"widget\" data-widget_type=\"heading.default\">\n\t\t\t\t<div class=\"elementor-widget-container\">\n\t\t\t\t\t<h2 class=\"elementor-heading-title elementor-size-default\">1. DATOS IDENTIFICATIVOS<\/h2>\t\t\t\t<\/div>\n\t\t\t\t<\/div>\n\t\t\t\t<div class=\"elementor-element elementor-element-000ade3 elementor-widget elementor-widget-text-editor\" data-id=\"000ade3\" data-element_type=\"widget\" data-widget_type=\"text-editor.default\">\n\t\t\t\t<div class=\"elementor-widget-container\">\n\t\t\t\t\t\t\t\t\t<p><strong>Nombre de dominio<\/strong>: <a href=\"https:\/\/llibreriapapereriatrespunts.com\/es\/\" target=\"_blank\" rel=\"noopener\">www.llibreriapapereriatrespunts.com<\/a><\/p>\n<p><strong>Nombre comercial<\/strong>: LIBRER\u00cdA PAPELER\u00cdA TRES PUNTOS<\/p>\n<p><strong>Denominaci\u00f3n social<\/strong>: LIBRER\u00cdA PAPELER\u00cdA TRES PUNTOS, S.L.<\/p>\n<p><strong>CIF<\/strong>: B-72679210<\/p>\n<p><strong>Domicilio social<\/strong>:\u00a0<span style=\"text-decoration: underline;\"><a href=\"https:\/\/maps.app.goo.gl\/tKoJYx4T2a6z6wpA8\" target=\"_blank\" rel=\"noopener\">Av. del Pont, 4, 25280 Solsona &#8211; Lleida<\/a><\/span><\/p>\n<p><strong>Tel\u00e9fono<\/strong>:\u00a0<span style=\"text-decoration: underline;\"><a href=\"tel:+34973481665\" target=\"_blank\" rel=\"noopener\">973 481 665<\/a><\/span><\/p>\n<p><strong>WhatsApp:\u00a0<\/strong><span style=\"text-decoration: underline;\"><a href=\"https:\/\/wa.me\/638748118\" target=\"_blank\" rel=\"noopener\">638 748 118<\/a><\/span><\/p>\n<p><strong>E-mail<\/strong>:\u00a0<a href=\"mailto:info@llibreriapapereriatrespunts.com\" target=\"_blank\" rel=\"noopener\"><span style=\"text-decoration: underline;\">info@llibreriapapereriatrespunts.com<\/span><\/a>\u00a0\/\u00a0<span style=\"text-decoration: underline;\"><a href=\"mailto:papereria3punts@gmail.com\" target=\"_blank\" rel=\"noopener\">papereria3punts@gmail.com<\/a><\/span><\/p>\n\t\t\t\t\t\t\t\t<\/div>\n\t\t\t\t<\/div>\n\t\t\t\t<\/div>\n\t\t<div class=\"elementor-element elementor-element-576578a e-con-full e-flex e-con e-child\" data-id=\"576578a\" data-element_type=\"container\">\n\t\t\t\t<div class=\"elementor-element elementor-element-19eb0b8 elementor-widget elementor-widget-heading\" data-id=\"19eb0b8\" data-element_type=\"widget\" data-widget_type=\"heading.default\">\n\t\t\t\t<div class=\"elementor-widget-container\">\n\t\t\t\t\t<h2 class=\"elementor-heading-title elementor-size-default\">2. DERECHOS DE PROPIEDAD INTELECTUAL E INDUSTRIAL<\/h2>\t\t\t\t<\/div>\n\t\t\t\t<\/div>\n\t\t\t\t<div class=\"elementor-element elementor-element-500f3a3 elementor-widget elementor-widget-text-editor\" data-id=\"500f3a3\" data-element_type=\"widget\" data-widget_type=\"text-editor.default\">\n\t\t\t\t<div class=\"elementor-widget-container\">\n\t\t\t\t\t\t\t\t\t<p>El sitio web, incluyendo en t\u00edtulo enunciativo pero no limitativo su programaci\u00f3n, edici\u00f3n, compilaci\u00f3n, dise\u00f1os, logotipos, textos y gr\u00e1ficos, son propiedad del RESPONSABLE o dispone de licencia o autorizaci\u00f3n expr\u00e9s por parte de los autores. Est\u00e1n protegidos por la normativa sobre propiedad intelectual e industrial.<\/p>\n<p>Cualquier uso no autorizado previamente por parte del RESPONSABLE ser\u00e1 considerado un incumplimiento grave de los derechos de propiedad intelectual o industrial del autor.<\/p>\n<p>Los dise\u00f1os, logotipos, textos y\/o gr\u00e1ficos ajenos que pudieran aparecer al sitio web pertenecen a sus respectivos propietarios, siente estos responsables de cualquier controversia respecto a los mismos. El RESPONSABLE reconoce a favor de los titulares los correspondientes derechos y autoriza a terceros a redirigir directamente al contenido concreto o en la p\u00e1gina principal del sitio web.<\/p>\n\t\t\t\t\t\t\t\t<\/div>\n\t\t\t\t<\/div>\n\t\t\t\t<\/div>\n\t\t<div class=\"elementor-element elementor-element-ad3f92c e-con-full e-flex e-con e-child\" data-id=\"ad3f92c\" data-element_type=\"container\">\n\t\t\t\t<div class=\"elementor-element elementor-element-6fdd3b8 elementor-widget elementor-widget-heading\" data-id=\"6fdd3b8\" data-element_type=\"widget\" data-widget_type=\"heading.default\">\n\t\t\t\t<div class=\"elementor-widget-container\">\n\t\t\t\t\t<h2 class=\"elementor-heading-title elementor-size-default\">3. EXENCI\u00d3N DE RESPONSABILIDADES<\/h2>\t\t\t\t<\/div>\n\t\t\t\t<\/div>\n\t\t\t\t<div class=\"elementor-element elementor-element-411ab70 elementor-widget elementor-widget-text-editor\" data-id=\"411ab70\" data-element_type=\"widget\" data-widget_type=\"text-editor.default\">\n\t\t\t\t<div class=\"elementor-widget-container\">\n\t\t\t\t\t\t\t\t\t<p>El RESPONSABLE queda exento de responsabilidad por la informaci\u00f3n manipulada o introducida por terceros ajenos, as\u00ed como por cualquier contenido externo enlazado desde su sitio web.<\/p>\n<p><strong>Uso de cookies<\/strong><\/p>\n<p>Este lugar puede utilizar cookies t\u00e9cnicas para funciones esenciales de navegaci\u00f3n. Estas cookies son temporales y no recogen datos personales sin consentimiento previo. Tambi\u00e9n pueden servir para facilitar el acceso en \u00e1reas restringidas, mesurar la audiencia o controlar par\u00e1metros de tr\u00e1fico. El usuario puede configurar el navegador para evitar la instalaci\u00f3n. Para mayor informaci\u00f3n pueden consultar la <span style=\"text-decoration: underline;\"><a href=\"https:\/\/llibreriapapereriatrespunts.com\/es\/politica-de-cookies\/\" target=\"_blank\" rel=\"noopener\">pol\u00edtica de cookies<\/a><\/span>.<\/p>\n<p><strong>Pol\u00edtica de enlaces<\/strong><\/p>\n<p>Este web puede redirigir a lugares de terceros, de los cuales no es puede controlar el contenido. Ante contenidos que puedan vulnerar la legislaci\u00f3n, la moral o el orden p\u00fablico, el RESPONSABLE se compromete a eliminar el enlace e informar las autoridades competentes.<br \/>Tampoco se responsabiliza de las opiniones o contenidos generados por usuarios a trav\u00e9s de foros, blogs o redes sociales alojadas al web. Sin embargo, se colaborar\u00e1 activamente en la retirada de estos contenidos si contravienen la ley.<\/p>\n<p>Se ha revisado t\u00e9cnicamente el sitio web para garantizar el correcto funcionamiento 24\/7. Aun as\u00ed, no se descartan interrupciones por causas externas, errores de programaci\u00f3n o bastante mayor.<\/p>\n<p><strong>Direcciones IP<\/strong><\/p>\n<p>Los servidores pueden detectar de forma autom\u00e1tica la direcci\u00f3n IP y nombre de dominio utilizados. Esta informaci\u00f3n se recoge con fines estad\u00edsticos y para optimizar el servicio.<\/p>\n\t\t\t\t\t\t\t\t<\/div>\n\t\t\t\t<\/div>\n\t\t\t\t<\/div>\n\t\t<div class=\"elementor-element elementor-element-0bfd960 e-con-full e-flex e-con e-child\" data-id=\"0bfd960\" data-element_type=\"container\">\n\t\t\t\t<div class=\"elementor-element elementor-element-2a66d4d elementor-widget elementor-widget-heading\" data-id=\"2a66d4d\" data-element_type=\"widget\" data-widget_type=\"heading.default\">\n\t\t\t\t<div class=\"elementor-widget-container\">\n\t\t\t\t\t<h2 class=\"elementor-heading-title elementor-size-default\">4. LEY APLICABLE Y JURISDICCI\u00d3N<\/h2>\t\t\t\t<\/div>\n\t\t\t\t<\/div>\n\t\t\t\t<div class=\"elementor-element elementor-element-06950a4 elementor-widget elementor-widget-text-editor\" data-id=\"06950a4\" data-element_type=\"widget\" data-widget_type=\"text-editor.default\">\n\t\t\t\t<div class=\"elementor-widget-container\">\n\t\t\t\t\t\t\t\t\t<div data-id=\"da16860\" data-element_type=\"widget\" data-widget_type=\"text-editor.default\">\n<p>Este sitio web se rige por la legislaci\u00f3n espa\u00f1ola. Las partes se someten a los Juzgados y Tribunales de Solsona para la resoluci\u00f3n de cualquier controversia relacionada con el uso del lugar.<\/p>\n<\/div>\n\t\t\t\t\t\t\t\t<\/div>\n\t\t\t\t<\/div>\n\t\t\t\t<\/div>\n\t\t\t\t<div class=\"elementor-element elementor-element-562d6be elementor-widget elementor-widget-text-editor\" data-id=\"562d6be\" data-element_type=\"widget\" data-widget_type=\"text-editor.default\">\n\t\t\t\t<div class=\"elementor-widget-container\">\n\t\t\t\t\t\t\t\t\t<p>Fecha de actualizaci\u00f3n: junio de 2025<\/p>\n\t\t\t\t\t\t\t\t<\/div>\n\t\t\t\t<\/div>\n\t\t\t\t\t<\/div>\n\t\t\t\t<\/div>\n\t\t\t\t<\/div>\n\t\t","protected":false},"excerpt":{"rendered":"<p>Aviso Legal Inicio > LEY DE LOS SERVICIOS DE LA SOCIEDAD DE LA INFORMACI\u00d3N (LSSI) LIBRER\u00cdA PAPELER\u00cdA TRES PUNTOS, S.L., responsable del sitio web www.llibreriapapereriatrespunts.com (de ahora en adelante RESPONSABLE), pose a disposici\u00f3n de los usuarios este documento con el objetivo de dar cumplimiento a la Ley 34\/2002, de 11 de julio, de Servicios de [&hellip;]<\/p>\n","protected":false},"author":2,"featured_media":0,"parent":0,"menu_order":0,"comment_status":"closed","ping_status":"closed","template":"elementor_header_footer","meta":{"_acf_changed":false,"footnotes":""},"class_list":["post-3487","page","type-page","status-publish","hentry"],"acf":[],"yoast_head":"<!-- This site is optimized with the Yoast SEO plugin v25.2 - https:\/\/yoast.com\/wordpress\/plugins\/seo\/ -->\n<title>Aviso Legal - Tres Punts<\/title>\n<meta name=\"robots\" content=\"index, follow, max-snippet:-1, max-image-preview:large, max-video-preview:-1\" \/>\n<link rel=\"canonical\" href=\"https:\/\/llibreriapapereriatrespunts.com\/es\/aviso-legal\/\" \/>\n<meta property=\"og:locale\" content=\"es_ES\" \/>\n<meta property=\"og:type\" content=\"article\" \/>\n<meta property=\"og:title\" content=\"Aviso Legal - Tres Punts\" \/>\n<meta property=\"og:description\" content=\"Aviso Legal Inicio &gt; LEY DE LOS SERVICIOS DE LA SOCIEDAD DE LA INFORMACI\u00d3N (LSSI) LIBRER\u00cdA PAPELER\u00cdA TRES PUNTOS, S.L., responsable del sitio web www.llibreriapapereriatrespunts.com (de ahora en adelante RESPONSABLE), pose a disposici\u00f3n de los usuarios este documento con el objetivo de dar cumplimiento a la Ley 34\/2002, de 11 de julio, de Servicios de [&hellip;]\" \/>\n<meta property=\"og:url\" content=\"https:\/\/llibreriapapereriatrespunts.com\/es\/aviso-legal\/\" \/>\n<meta property=\"og:site_name\" content=\"Tres Punts\" \/>\n<meta property=\"article:modified_time\" content=\"2025-09-18T10:24:26+00:00\" \/>\n<meta name=\"twitter:card\" content=\"summary_large_image\" \/>\n<meta name=\"twitter:label1\" content=\"Tiempo de lectura\" \/>\n\t<meta name=\"twitter:data1\" content=\"3 minutos\" \/>\n<script type=\"application\/ld+json\" class=\"yoast-schema-graph\">{\"@context\":\"https:\/\/schema.org\",\"@graph\":[{\"@type\":\"WebPage\",\"@id\":\"https:\/\/llibreriapapereriatrespunts.com\/es\/aviso-legal\/\",\"url\":\"https:\/\/llibreriapapereriatrespunts.com\/es\/aviso-legal\/\",\"name\":\"Aviso Legal - Tres Punts\",\"isPartOf\":{\"@id\":\"https:\/\/llibreriapapereriatrespunts.com\/es\/#website\"},\"datePublished\":\"2025-06-20T11:13:46+00:00\",\"dateModified\":\"2025-09-18T10:24:26+00:00\",\"breadcrumb\":{\"@id\":\"https:\/\/llibreriapapereriatrespunts.com\/es\/aviso-legal\/#breadcrumb\"},\"inLanguage\":\"es\",\"potentialAction\":[{\"@type\":\"ReadAction\",\"target\":[\"https:\/\/llibreriapapereriatrespunts.com\/es\/aviso-legal\/\"]}]},{\"@type\":\"BreadcrumbList\",\"@id\":\"https:\/\/llibreriapapereriatrespunts.com\/es\/aviso-legal\/#breadcrumb\",\"itemListElement\":[{\"@type\":\"ListItem\",\"position\":1,\"name\":\"Portada\",\"item\":\"https:\/\/llibreriapapereriatrespunts.com\/es\/\"},{\"@type\":\"ListItem\",\"position\":2,\"name\":\"Aviso Legal\"}]},{\"@type\":\"WebSite\",\"@id\":\"https:\/\/llibreriapapereriatrespunts.com\/es\/#website\",\"url\":\"https:\/\/llibreriapapereriatrespunts.com\/es\/\",\"name\":\"3Punts\",\"description\":\"\",\"publisher\":{\"@id\":\"https:\/\/llibreriapapereriatrespunts.com\/es\/#organization\"},\"potentialAction\":[{\"@type\":\"SearchAction\",\"target\":{\"@type\":\"EntryPoint\",\"urlTemplate\":\"https:\/\/llibreriapapereriatrespunts.com\/es\/?s={search_term_string}\"},\"query-input\":{\"@type\":\"PropertyValueSpecification\",\"valueRequired\":true,\"valueName\":\"search_term_string\"}}],\"inLanguage\":\"es\"},{\"@type\":\"Organization\",\"@id\":\"https:\/\/llibreriapapereriatrespunts.com\/es\/#organization\",\"name\":\"3Punts\",\"url\":\"https:\/\/llibreriapapereriatrespunts.com\/es\/\",\"logo\":{\"@type\":\"ImageObject\",\"inLanguage\":\"es\",\"@id\":\"https:\/\/llibreriapapereriatrespunts.com\/es\/#\/schema\/logo\/image\/\",\"url\":\"https:\/\/llibreriapapereriatrespunts.com\/wp-content\/uploads\/2025\/06\/logo-3punts-color.svg\",\"contentUrl\":\"https:\/\/llibreriapapereriatrespunts.com\/wp-content\/uploads\/2025\/06\/logo-3punts-color.svg\",\"width\":285,\"height\":53,\"caption\":\"3Punts\"},\"image\":{\"@id\":\"https:\/\/llibreriapapereriatrespunts.com\/es\/#\/schema\/logo\/image\/\"},\"sameAs\":[\"https:\/\/www.instagram.com\/llibreriapapereria3punts\/\"]}]}<\/script>\n<!-- \/ Yoast SEO plugin. -->","yoast_head_json":{"title":"Aviso Legal - Tres Punts","robots":{"index":"index","follow":"follow","max-snippet":"max-snippet:-1","max-image-preview":"max-image-preview:large","max-video-preview":"max-video-preview:-1"},"canonical":"https:\/\/llibreriapapereriatrespunts.com\/es\/aviso-legal\/","og_locale":"es_ES","og_type":"article","og_title":"Aviso Legal - Tres Punts","og_description":"Aviso Legal Inicio > LEY DE LOS SERVICIOS DE LA SOCIEDAD DE LA INFORMACI\u00d3N (LSSI) LIBRER\u00cdA PAPELER\u00cdA TRES PUNTOS, S.L., responsable del sitio web www.llibreriapapereriatrespunts.com (de ahora en adelante RESPONSABLE), pose a disposici\u00f3n de los usuarios este documento con el objetivo de dar cumplimiento a la Ley 34\/2002, de 11 de julio, de Servicios de [&hellip;]","og_url":"https:\/\/llibreriapapereriatrespunts.com\/es\/aviso-legal\/","og_site_name":"Tres Punts","article_modified_time":"2025-09-18T10:24:26+00:00","twitter_card":"summary_large_image","twitter_misc":{"Tiempo de lectura":"3 minutos"},"schema":{"@context":"https:\/\/schema.org","@graph":[{"@type":"WebPage","@id":"https:\/\/llibreriapapereriatrespunts.com\/es\/aviso-legal\/","url":"https:\/\/llibreriapapereriatrespunts.com\/es\/aviso-legal\/","name":"Aviso Legal - Tres Punts","isPartOf":{"@id":"https:\/\/llibreriapapereriatrespunts.com\/es\/#website"},"datePublished":"2025-06-20T11:13:46+00:00","dateModified":"2025-09-18T10:24:26+00:00","breadcrumb":{"@id":"https:\/\/llibreriapapereriatrespunts.com\/es\/aviso-legal\/#breadcrumb"},"inLanguage":"es","potentialAction":[{"@type":"ReadAction","target":["https:\/\/llibreriapapereriatrespunts.com\/es\/aviso-legal\/"]}]},{"@type":"BreadcrumbList","@id":"https:\/\/llibreriapapereriatrespunts.com\/es\/aviso-legal\/#breadcrumb","itemListElement":[{"@type":"ListItem","position":1,"name":"Portada","item":"https:\/\/llibreriapapereriatrespunts.com\/es\/"},{"@type":"ListItem","position":2,"name":"Aviso Legal"}]},{"@type":"WebSite","@id":"https:\/\/llibreriapapereriatrespunts.com\/es\/#website","url":"https:\/\/llibreriapapereriatrespunts.com\/es\/","name":"3Punts","description":"","publisher":{"@id":"https:\/\/llibreriapapereriatrespunts.com\/es\/#organization"},"potentialAction":[{"@type":"SearchAction","target":{"@type":"EntryPoint","urlTemplate":"https:\/\/llibreriapapereriatrespunts.com\/es\/?s={search_term_string}"},"query-input":{"@type":"PropertyValueSpecification","valueRequired":true,"valueName":"search_term_string"}}],"inLanguage":"es"},{"@type":"Organization","@id":"https:\/\/llibreriapapereriatrespunts.com\/es\/#organization","name":"3Punts","url":"https:\/\/llibreriapapereriatrespunts.com\/es\/","logo":{"@type":"ImageObject","inLanguage":"es","@id":"https:\/\/llibreriapapereriatrespunts.com\/es\/#\/schema\/logo\/image\/","url":"https:\/\/llibreriapapereriatrespunts.com\/wp-content\/uploads\/2025\/06\/logo-3punts-color.svg","contentUrl":"https:\/\/llibreriapapereriatrespunts.com\/wp-content\/uploads\/2025\/06\/logo-3punts-color.svg","width":285,"height":53,"caption":"3Punts"},"image":{"@id":"https:\/\/llibreriapapereriatrespunts.com\/es\/#\/schema\/logo\/image\/"},"sameAs":["https:\/\/www.instagram.com\/llibreriapapereria3punts\/"]}]}},"_links":{"self":[{"href":"https:\/\/llibreriapapereriatrespunts.com\/es\/wp-json\/wp\/v2\/pages\/3487","targetHints":{"allow":["GET"]}}],"collection":[{"href":"https:\/\/llibreriapapereriatrespunts.com\/es\/wp-json\/wp\/v2\/pages"}],"about":[{"href":"https:\/\/llibreriapapereriatrespunts.com\/es\/wp-json\/wp\/v2\/types\/page"}],"author":[{"embeddable":true,"href":"https:\/\/llibreriapapereriatrespunts.com\/es\/wp-json\/wp\/v2\/users\/2"}],"replies":[{"embeddable":true,"href":"https:\/\/llibreriapapereriatrespunts.com\/es\/wp-json\/wp\/v2\/comments?post=3487"}],"version-history":[{"count":19,"href":"https:\/\/llibreriapapereriatrespunts.com\/es\/wp-json\/wp\/v2\/pages\/3487\/revisions"}],"predecessor-version":[{"id":3949,"href":"https:\/\/llibreriapapereriatrespunts.com\/es\/wp-json\/wp\/v2\/pages\/3487\/revisions\/3949"}],"wp:attachment":[{"href":"https:\/\/llibreriapapereriatrespunts.com\/es\/wp-json\/wp\/v2\/media?parent=3487"}],"curies":[{"name":"wp","href":"https:\/\/api.w.org\/{rel}","templated":true}]}}