{"id":3506,"date":"2025-06-25T09:49:46","date_gmt":"2025-06-25T07:49:46","guid":{"rendered":"https:\/\/llibreriapapereriatrespunts.com\/politica-de-cookies\/"},"modified":"2025-09-18T12:08:45","modified_gmt":"2025-09-18T10:08:45","slug":"politica-de-cookies","status":"publish","type":"page","link":"https:\/\/llibreriapapereriatrespunts.com\/es\/politica-de-cookies\/","title":{"rendered":"Pol\u00edtica de Cookies"},"content":{"rendered":"\t\t<div data-elementor-type=\"wp-page\" data-elementor-id=\"3506\" class=\"elementor elementor-3506 elementor-2172\">\n\t\t\t\t<div class=\"elementor-element elementor-element-fafc379 e-con-full e-flex e-con e-parent\" data-id=\"fafc379\" data-element_type=\"container\" data-settings=\"{&quot;background_background&quot;:&quot;classic&quot;}\">\n\t\t<div class=\"elementor-element elementor-element-6afda63 e-con-full e-flex e-con e-child\" data-id=\"6afda63\" data-element_type=\"container\">\n\t\t\t\t<div class=\"elementor-element elementor-element-e65b5ae elementor-position-left elementor-vertical-align-middle elementor-mobile-position-left elementor-view-default elementor-widget elementor-widget-icon-box\" data-id=\"e65b5ae\" data-element_type=\"widget\" data-widget_type=\"icon-box.default\">\n\t\t\t\t<div class=\"elementor-widget-container\">\n\t\t\t\t\t\t\t<div class=\"elementor-icon-box-wrapper\">\n\n\t\t\t\t\t\t<div class=\"elementor-icon-box-icon\">\n\t\t\t\t<span  class=\"elementor-icon\">\n\t\t\t\t<svg xmlns=\"http:\/\/www.w3.org\/2000\/svg\" width=\"42\" height=\"42\" viewBox=\"0 0 42 42\" fill=\"none\"><circle cx=\"21\" cy=\"21\" r=\"21\" fill=\"#3E70B7\"><\/circle><\/svg>\t\t\t\t<\/span>\n\t\t\t<\/div>\n\t\t\t\n\t\t\t\t\t\t<div class=\"elementor-icon-box-content\">\n\n\t\t\t\t\t\t\t\t\t<h1 class=\"elementor-icon-box-title\">\n\t\t\t\t\t\t<span  >\n\t\t\t\t\t\t\tPol\u00edtica de Cookies\t\t\t\t\t\t<\/span>\n\t\t\t\t\t<\/h1>\n\t\t\t\t\n\t\t\t\t\n\t\t\t<\/div>\n\t\t\t\n\t\t<\/div>\n\t\t\t\t\t\t<\/div>\n\t\t\t\t<\/div>\n\t\t\t\t<\/div>\n\t\t\t\t<\/div>\n\t\t<div class=\"elementor-element elementor-element-c5264d4 e-flex e-con-boxed e-con e-parent\" data-id=\"c5264d4\" data-element_type=\"container\">\n\t\t\t\t\t<div class=\"e-con-inner\">\n\t\t<div class=\"elementor-element elementor-element-33140dd e-con-full e-flex e-con e-child\" data-id=\"33140dd\" data-element_type=\"container\">\n\t\t\t\t<div data-raven-element-link=\"{&quot;url&quot;:&quot;https:\\\/\\\/llibreriapapereriatrespunts.com\\\/3punts\\\/&quot;,&quot;is_external&quot;:&quot;&quot;,&quot;nofollow&quot;:&quot;&quot;,&quot;custom_attributes&quot;:&quot;&quot;}\" style=\"cursor: pointer\" class=\"elementor-element elementor-element-ea884e0 elementor-position-left elementor-vertical-align-middle elementor-mobile-position-left elementor-vertical-align-middle elementor-view-default elementor-widget elementor-widget-icon-box\" data-id=\"ea884e0\" data-element_type=\"widget\" data-widget_type=\"icon-box.default\">\n\t\t\t\t<div class=\"elementor-widget-container\">\n\t\t\t\t\t\t\t<div class=\"elementor-icon-box-wrapper\">\n\n\t\t\t\t\t\t<div class=\"elementor-icon-box-icon\">\n\t\t\t\t<a href=\"https:\/\/llibreriapapereriatrespunts.com\/es\/\" class=\"elementor-icon\" tabindex=\"-1\">\n\t\t\t\t<svg xmlns=\"http:\/\/www.w3.org\/2000\/svg\" width=\"33\" height=\"33\" viewBox=\"0 0 33 33\" fill=\"none\"><path d=\"M10.3086 16.1456L15.1807 11.2735M10.3086 16.1456L15.1807 21.0177M10.3086 16.1456H21.6769\" stroke=\"#3E70B7\" stroke-width=\"1.5\" stroke-linecap=\"round\" stroke-linejoin=\"round\"><\/path><\/svg>\t\t\t\t<\/a>\n\t\t\t<\/div>\n\t\t\t\n\t\t\t\t\t\t<div class=\"elementor-icon-box-content\">\n\n\t\t\t\t\n\t\t\t\t\t\t\t\t\t<p class=\"elementor-icon-box-description\">\n\t\t\t\t\t\t<span>Inicio<\/span> > \t\t\t\t\t<\/p>\n\t\t\t\t\n\t\t\t<\/div>\n\t\t\t\n\t\t<\/div>\n\t\t\t\t\t\t<\/div>\n\t\t\t\t<\/div>\n\t\t\t\t<\/div>\n\t\t<div class=\"elementor-element elementor-element-984c655 e-con-full e-flex e-con e-child\" data-id=\"984c655\" data-element_type=\"container\">\n\t\t\t\t<div class=\"elementor-element elementor-element-cfdf598 elementor-widget elementor-widget-heading\" data-id=\"cfdf598\" data-element_type=\"widget\" data-widget_type=\"heading.default\">\n\t\t\t\t<div class=\"elementor-widget-container\">\n\t\t\t\t\t<h2 class=\"elementor-heading-title elementor-size-default\">INFORMACI\u00d3N SOBRE COOKIES<\/h2>\t\t\t\t<\/div>\n\t\t\t\t<\/div>\n\t\t\t\t<div class=\"elementor-element elementor-element-7a8b585 elementor-widget elementor-widget-text-editor\" data-id=\"7a8b585\" data-element_type=\"widget\" data-widget_type=\"text-editor.default\">\n\t\t\t\t<div class=\"elementor-widget-container\">\n\t\t\t\t\t\t\t\t\t<p>LLIBRERIA PAPERERIA TRES PUNTS, S.L. (en adelante, \u201cTres Punts\u201d) informa sobre el uso de cookies en su sitio web www.llibreriapapereriatrespunts.com, con el fin de garantizar una mejor experiencia de navegaci\u00f3n y proporcionar servicios personalizados.<\/p>\n\t\t\t\t\t\t\t\t<\/div>\n\t\t\t\t<\/div>\n\t\t\t\t<\/div>\n\t\t<div class=\"elementor-element elementor-element-a5dd7dd e-con-full e-flex e-con e-child\" data-id=\"a5dd7dd\" data-element_type=\"container\">\n\t\t\t\t<div class=\"elementor-element elementor-element-626359e elementor-widget elementor-widget-heading\" data-id=\"626359e\" data-element_type=\"widget\" data-widget_type=\"heading.default\">\n\t\t\t\t<div class=\"elementor-widget-container\">\n\t\t\t\t\t<h2 class=\"elementor-heading-title elementor-size-default\">\u00bfQU\u00c9 SON LAS COOKIES?<\/h2>\t\t\t\t<\/div>\n\t\t\t\t<\/div>\n\t\t\t\t<div class=\"elementor-element elementor-element-7485ff6 elementor-widget elementor-widget-text-editor\" data-id=\"7485ff6\" data-element_type=\"widget\" data-widget_type=\"text-editor.default\">\n\t\t\t\t<div class=\"elementor-widget-container\">\n\t\t\t\t\t\t\t\t\t<p>Las cookies son peque\u00f1os archivos de texto que se almacenan en el navegador del usuario cuando visita un sitio web. Estas herramientas permiten al sitio web recordar informaci\u00f3n sobre la visita del usuario, como su preferencia de idioma, datos de inicio de sesi\u00f3n o configuraci\u00f3n personalizada.<\/p>\n<p>Tambi\u00e9n se utilizan otras tecnolog\u00edas similares como p\u00edxeles, local shared objects o flash cookies con fines similares.<\/p>\n\t\t\t\t\t\t\t\t<\/div>\n\t\t\t\t<\/div>\n\t\t\t\t<\/div>\n\t\t<div class=\"elementor-element elementor-element-db4e23a e-con-full e-flex e-con e-child\" data-id=\"db4e23a\" data-element_type=\"container\">\n\t\t\t\t<div class=\"elementor-element elementor-element-2f3c50b elementor-widget elementor-widget-heading\" data-id=\"2f3c50b\" data-element_type=\"widget\" data-widget_type=\"heading.default\">\n\t\t\t\t<div class=\"elementor-widget-container\">\n\t\t\t\t\t<h2 class=\"elementor-heading-title elementor-size-default\">COOKIES AFECTADAS POR LA NORMATIVA Y COOKIES EXENTAS<\/h2>\t\t\t\t<\/div>\n\t\t\t\t<\/div>\n\t\t\t\t<div class=\"elementor-element elementor-element-1646dfc elementor-widget elementor-widget-text-editor\" data-id=\"1646dfc\" data-element_type=\"widget\" data-widget_type=\"text-editor.default\">\n\t\t\t\t<div class=\"elementor-widget-container\">\n\t\t\t\t\t\t\t\t\t<p>Seg\u00fan la normativa europea, se requiere el consentimiento informado del usuario para la instalaci\u00f3n de cookies anal\u00edticas, de publicidad y de afiliaci\u00f3n.<\/p>\n<p>En cambio, no se requiere consentimiento para cookies t\u00e9cnicas o aquellas estrictamente necesarias para el funcionamiento del sitio web o para la prestaci\u00f3n de servicios solicitados expresamente por el usuario.<\/p>\n\t\t\t\t\t\t\t\t<\/div>\n\t\t\t\t<\/div>\n\t\t\t\t<\/div>\n\t\t<div class=\"elementor-element elementor-element-4a09337 e-con-full e-flex e-con e-child\" data-id=\"4a09337\" data-element_type=\"container\">\n\t\t\t\t<div class=\"elementor-element elementor-element-b7c5023 elementor-widget elementor-widget-heading\" data-id=\"b7c5023\" data-element_type=\"widget\" data-widget_type=\"heading.default\">\n\t\t\t\t<div class=\"elementor-widget-container\">\n\t\t\t\t\t<h2 class=\"elementor-heading-title elementor-size-default\">TIPO DE COOKIES UTILIZADAS<\/h2>\t\t\t\t<\/div>\n\t\t\t\t<\/div>\n\t\t\t\t<div class=\"elementor-element elementor-element-fabfbe0 elementor-widget elementor-widget-text-editor\" data-id=\"fabfbe0\" data-element_type=\"widget\" data-widget_type=\"text-editor.default\">\n\t\t\t\t<div class=\"elementor-widget-container\">\n\t\t\t\t\t\t\t\t\t<ul>\n<li><strong>Cookies t\u00e9cnicas y funcionales<\/strong>: imprescindibles para la navegaci\u00f3n y el correcto funcionamiento de la web.<\/li>\n<li><strong>Cookies anal\u00edticas<\/strong>: recogen informaci\u00f3n sobre el comportamiento de los usuarios para mejorar el servicio.<\/li>\n<li><strong>Cookies de redes sociales<\/strong>: permiten la interacci\u00f3n con contenidos externas.<\/li>\n<li><strong>Cookies de publicidad y comportamiento<\/strong>: recopilan datos sobre las preferencias y h\u00e1bitos para mostrar anuncios personalizados.<\/li>\n<li><strong>Cookies de afiliaci\u00f3n<\/strong>: permiten realizar un seguimiento de las visitas desde webs de afiliados.<\/li>\n<\/ul>\n\t\t\t\t\t\t\t\t<\/div>\n\t\t\t\t<\/div>\n\t\t\t\t<\/div>\n\t\t<div class=\"elementor-element elementor-element-f600ca3 e-con-full e-flex e-con e-child\" data-id=\"f600ca3\" data-element_type=\"container\">\n\t\t\t\t<div class=\"elementor-element elementor-element-8f1cbad elementor-widget elementor-widget-heading\" data-id=\"8f1cbad\" data-element_type=\"widget\" data-widget_type=\"heading.default\">\n\t\t\t\t<div class=\"elementor-widget-container\">\n\t\t\t\t\t<h2 class=\"elementor-heading-title elementor-size-default\">COOKIES QUE SE PUEDEN INSTALAR EN EL DOMINIO www.3punts.enproceso.es<\/h2>\t\t\t\t<\/div>\n\t\t\t\t<\/div>\n\t\t\t\t<div class=\"elementor-element elementor-element-7b6d080 elementor-widget elementor-widget-text-editor\" data-id=\"7b6d080\" data-element_type=\"widget\" data-widget_type=\"text-editor.default\">\n\t\t\t\t<div class=\"elementor-widget-container\">\n\t\t\t\t\t\t\t\t\t<ul>\n<li><strong>.AspNetCore.Session<\/strong>: Cookie de sesi\u00f3n para mantener la sesi\u00f3n activa.<\/li>\n<li><strong>.UserLogin<\/strong>: Cookie para autenticar al usuario.<\/li>\n<li><strong>.AspNetCore.Culture<\/strong>: Guarda la preferencia de<\/strong>: Guarda la preferencia de<\/strong>: _gid, _gat<\/strong>: Google Analytics para analizar navegaci\u00f3n.<\/li>\n<li><strong>_gcl_au, _gcl_aw, _gac_*<\/strong>: Cookies de Google Ads para seguimiento de campa\u00f1as.<\/li>\n<li><strong>IDE, test_cookie<\/strong>: de anuncios.<\/li>\n<\/ul>\n\t\t\t\t\t\t\t\t<\/div>\n\t\t\t\t<\/div>\n\t\t\t\t<\/div>\n\t\t<div class=\"elementor-element elementor-element-0f39dbe e-con-full e-flex e-con e-child\" data-id=\"0f39dbe\" data-element_type=\"container\">\n\t\t\t\t<div class=\"elementor-element elementor-element-370e157 elementor-widget elementor-widget-heading\" data-id=\"370e157\" data-element_type=\"widget\" data-widget_type=\"heading.default\">\n\t\t\t\t<div class=\"elementor-widget-container\">\n\t\t\t\t\t<h2 class=\"elementor-heading-title elementor-size-default\">GESTI\u00d3N Y REVOCACI\u00d3N DEL CONSENTIMIENTO<\/h2>\t\t\t\t<\/div>\n\t\t\t\t<\/div>\n\t\t\t\t<div class=\"elementor-element elementor-element-4ca354e elementor-widget elementor-widget-text-editor\" data-id=\"4ca354e\" data-element_type=\"widget\" data-widget_type=\"text-editor.default\">\n\t\t\t\t<div class=\"elementor-widget-container\">\n\t\t\t\t\t\t\t\t\t<p>El usuario puede configurar el navegador para aceptar, bloquear o eliminar cookies, incluidas las instaladas previamente. Cada navegador ofrece opciones espec\u00edficas para su gesti\u00f3n:<\/p>\n<ul>\n<li><strong>Chrome<\/strong>: <span style=\"text-decoration: underline;\"><a href=\"http:\/\/support.google.com\/chrome\/answer\/95647?hl=es\">http:\/\/support.google.com\/chrome\/answer\/95647?hl=es<\/a><\/span><\/li>\n<li><strong>Firefox<\/strong>: <span style=\"text-decoration: underline;\"> href=\u00bbhttps:\/\/www.mozilla.org\/es-ES\/privacy\/websites\/#cookies\u00bb>https:\/\/www.mozilla.org\/es-ES\/privacy\/websites\/#cookies<\/a><\/span><\/li>\n<li><strong>Safari<\/strong>: <span style=\"text-decoration:\" href=\"http:\/\/support.apple.com\/kb\/PH5042\">http:\/\/support.apple.com\/kb\/PH5042<\/a><\/span><\/li>\n<li><strong>Internet Explorer<\/strong>: <span style=\"text-decoration: underline;\"><a href=\"http:\/\/windows.microsoft.com\/es-419\/windows7\/how-to-manage-cookies-in-internet-explorer-9\">http:\/\/windows.mi crosoft.com\/es-419\/windows7\/how-to-manage-cookies-in-internet-explorer-9<\/a><\/span><\/li>\n<li><strong>Opera<\/strong>: <span style=\"text-decoration: underline;\"><a href=\"http:\/\/help.opera.com\/Linux\/10.60\/es-ES\/cookies.html\">http:\/\/help.opera.com\/Linux\/10.60\/es-ES\/cookies.html<\/a><\/span><\/li>\n<\/ul>\n\t\t\t\t\t\t\t\t<\/div>\n\t\t\t\t<\/div>\n\t\t\t\t<\/div>\n\t\t<div class=\"elementor-element elementor-element-2e6d004 e-con-full e-flex e-con e-child\" data-id=\"2e6d004\" data-element_type=\"container\">\n\t\t\t\t<div class=\"elementor-element elementor-element-f6259d3 elementor-widget elementor-widget-heading\" data-id=\"f6259d3\" data-element_type=\"widget\" data-widget_type=\"heading.default\">\n\t\t\t\t<div class=\"elementor-widget-container\">\n\t\t\t\t\t<h2 class=\"elementor-heading-title elementor-size-default\">M\u00c1S INFORMACI\u00d3N<\/h2>\t\t\t\t<\/div>\n\t\t\t\t<\/div>\n\t\t\t\t<div class=\"elementor-element elementor-element-7508e15 elementor-widget elementor-widget-text-editor\" data-id=\"7508e15\" data-element_type=\"widget\" data-widget_type=\"text-editor.default\">\n\t\t\t\t<div class=\"elementor-widget-container\">\n\t\t\t\t\t\t\t\t\t<p>Para m\u00e1s detalles sobre el tratamiento de datos personales y tus derechos como usuario, consulta nuestra <span style=\"text-decoration: underline;\"><a href=\"http:\/\/www.llibreriapapereriatrespunts.com\/politica-de-privacidad\">pol\u00edtica de privacidad<\/a><\/span><a href=\"https:\/\/3punts.enproceso.es\/politica-de-privacidad\" target=\"_blank\" rel=\"noopener\">.<\/a><\/p>\n\t\t\t\t\t\t\t\t<\/div>\n\t\t\t\t<\/div>\n\t\t\t\t<\/div>\n\t\t\t\t<div class=\"elementor-element elementor-element-ad8a101 elementor-widget elementor-widget-text-editor\" data-id=\"ad8a101\" data-element_type=\"widget\" data-widget_type=\"text-editor.default\">\n\t\t\t\t<div class=\"elementor-widget-container\">\n\t\t\t\t\t\t\t\t\t<p>Fecha de actualizaci\u00f3n: junio de 2025<\/p>\n\t\t\t\t\t\t\t\t<\/div>\n\t\t\t\t<\/div>\n\t\t\t\t\t<\/div>\n\t\t\t\t<\/div>\n\t\t\t\t<\/div>\n\t\t","protected":false},"excerpt":{"rendered":"<p>Pol\u00edtica de Cookies Inicio > INFORMACI\u00d3N SOBRE COOKIES LLIBRERIA PAPERERIA TRES PUNTS, S.L. (en adelante, \u201cTres Punts\u201d) informa sobre el uso de cookies en su sitio web www.llibreriapapereriatrespunts.com, con el fin de garantizar una mejor experiencia de navegaci\u00f3n y proporcionar servicios personalizados. \u00bfQU\u00c9 SON LAS COOKIES? Las cookies son peque\u00f1os archivos de texto que se [&hellip;]<\/p>\n","protected":false},"author":2,"featured_media":0,"parent":0,"menu_order":0,"comment_status":"closed","ping_status":"closed","template":"elementor_header_footer","meta":{"_acf_changed":false,"footnotes":""},"class_list":["post-3506","page","type-page","status-publish","hentry"],"acf":[],"yoast_head":"<!-- This site is optimized with the Yoast SEO plugin v25.2 - https:\/\/yoast.com\/wordpress\/plugins\/seo\/ -->\n<title>Pol\u00edtica de Cookies - Tres Punts<\/title>\n<meta name=\"robots\" content=\"index, follow, max-snippet:-1, max-image-preview:large, max-video-preview:-1\" \/>\n<link rel=\"canonical\" href=\"https:\/\/llibreriapapereriatrespunts.com\/es\/politica-de-cookies\/\" \/>\n<meta property=\"og:locale\" content=\"es_ES\" \/>\n<meta property=\"og:type\" content=\"article\" \/>\n<meta property=\"og:title\" content=\"Pol\u00edtica de Cookies - Tres Punts\" \/>\n<meta property=\"og:description\" content=\"Pol\u00edtica de Cookies Inicio &gt; INFORMACI\u00d3N SOBRE COOKIES LLIBRERIA PAPERERIA TRES PUNTS, S.L. (en adelante, \u201cTres Punts\u201d) informa sobre el uso de cookies en su sitio web www.llibreriapapereriatrespunts.com, con el fin de garantizar una mejor experiencia de navegaci\u00f3n y proporcionar servicios personalizados. \u00bfQU\u00c9 SON LAS COOKIES? Las cookies son peque\u00f1os archivos de texto que se [&hellip;]\" \/>\n<meta property=\"og:url\" content=\"https:\/\/llibreriapapereriatrespunts.com\/es\/politica-de-cookies\/\" \/>\n<meta property=\"og:site_name\" content=\"Tres Punts\" \/>\n<meta property=\"article:modified_time\" content=\"2025-09-18T10:08:45+00:00\" \/>\n<meta name=\"twitter:card\" content=\"summary_large_image\" \/>\n<meta name=\"twitter:label1\" content=\"Tiempo de lectura\" \/>\n\t<meta name=\"twitter:data1\" content=\"2 minutos\" \/>\n<script type=\"application\/ld+json\" class=\"yoast-schema-graph\">{\"@context\":\"https:\/\/schema.org\",\"@graph\":[{\"@type\":\"WebPage\",\"@id\":\"https:\/\/llibreriapapereriatrespunts.com\/es\/politica-de-cookies\/\",\"url\":\"https:\/\/llibreriapapereriatrespunts.com\/es\/politica-de-cookies\/\",\"name\":\"Pol\u00edtica de Cookies - Tres Punts\",\"isPartOf\":{\"@id\":\"https:\/\/llibreriapapereriatrespunts.com\/es\/#website\"},\"datePublished\":\"2025-06-25T07:49:46+00:00\",\"dateModified\":\"2025-09-18T10:08:45+00:00\",\"breadcrumb\":{\"@id\":\"https:\/\/llibreriapapereriatrespunts.com\/es\/politica-de-cookies\/#breadcrumb\"},\"inLanguage\":\"es\",\"potentialAction\":[{\"@type\":\"ReadAction\",\"target\":[\"https:\/\/llibreriapapereriatrespunts.com\/es\/politica-de-cookies\/\"]}]},{\"@type\":\"BreadcrumbList\",\"@id\":\"https:\/\/llibreriapapereriatrespunts.com\/es\/politica-de-cookies\/#breadcrumb\",\"itemListElement\":[{\"@type\":\"ListItem\",\"position\":1,\"name\":\"Portada\",\"item\":\"https:\/\/llibreriapapereriatrespunts.com\/es\/\"},{\"@type\":\"ListItem\",\"position\":2,\"name\":\"Pol\u00edtica de Cookies\"}]},{\"@type\":\"WebSite\",\"@id\":\"https:\/\/llibreriapapereriatrespunts.com\/es\/#website\",\"url\":\"https:\/\/llibreriapapereriatrespunts.com\/es\/\",\"name\":\"3Punts\",\"description\":\"\",\"publisher\":{\"@id\":\"https:\/\/llibreriapapereriatrespunts.com\/es\/#organization\"},\"potentialAction\":[{\"@type\":\"SearchAction\",\"target\":{\"@type\":\"EntryPoint\",\"urlTemplate\":\"https:\/\/llibreriapapereriatrespunts.com\/es\/?s={search_term_string}\"},\"query-input\":{\"@type\":\"PropertyValueSpecification\",\"valueRequired\":true,\"valueName\":\"search_term_string\"}}],\"inLanguage\":\"es\"},{\"@type\":\"Organization\",\"@id\":\"https:\/\/llibreriapapereriatrespunts.com\/es\/#organization\",\"name\":\"3Punts\",\"url\":\"https:\/\/llibreriapapereriatrespunts.com\/es\/\",\"logo\":{\"@type\":\"ImageObject\",\"inLanguage\":\"es\",\"@id\":\"https:\/\/llibreriapapereriatrespunts.com\/es\/#\/schema\/logo\/image\/\",\"url\":\"https:\/\/llibreriapapereriatrespunts.com\/wp-content\/uploads\/2025\/06\/logo-3punts-color.svg\",\"contentUrl\":\"https:\/\/llibreriapapereriatrespunts.com\/wp-content\/uploads\/2025\/06\/logo-3punts-color.svg\",\"width\":285,\"height\":53,\"caption\":\"3Punts\"},\"image\":{\"@id\":\"https:\/\/llibreriapapereriatrespunts.com\/es\/#\/schema\/logo\/image\/\"},\"sameAs\":[\"https:\/\/www.instagram.com\/llibreriapapereria3punts\/\"]}]}<\/script>\n<!-- \/ Yoast SEO plugin. -->","yoast_head_json":{"title":"Pol\u00edtica de Cookies - Tres Punts","robots":{"index":"index","follow":"follow","max-snippet":"max-snippet:-1","max-image-preview":"max-image-preview:large","max-video-preview":"max-video-preview:-1"},"canonical":"https:\/\/llibreriapapereriatrespunts.com\/es\/politica-de-cookies\/","og_locale":"es_ES","og_type":"article","og_title":"Pol\u00edtica de Cookies - Tres Punts","og_description":"Pol\u00edtica de Cookies Inicio > INFORMACI\u00d3N SOBRE COOKIES LLIBRERIA PAPERERIA TRES PUNTS, S.L. (en adelante, \u201cTres Punts\u201d) informa sobre el uso de cookies en su sitio web www.llibreriapapereriatrespunts.com, con el fin de garantizar una mejor experiencia de navegaci\u00f3n y proporcionar servicios personalizados. \u00bfQU\u00c9 SON LAS COOKIES? Las cookies son peque\u00f1os archivos de texto que se [&hellip;]","og_url":"https:\/\/llibreriapapereriatrespunts.com\/es\/politica-de-cookies\/","og_site_name":"Tres Punts","article_modified_time":"2025-09-18T10:08:45+00:00","twitter_card":"summary_large_image","twitter_misc":{"Tiempo de lectura":"2 minutos"},"schema":{"@context":"https:\/\/schema.org","@graph":[{"@type":"WebPage","@id":"https:\/\/llibreriapapereriatrespunts.com\/es\/politica-de-cookies\/","url":"https:\/\/llibreriapapereriatrespunts.com\/es\/politica-de-cookies\/","name":"Pol\u00edtica de Cookies - Tres Punts","isPartOf":{"@id":"https:\/\/llibreriapapereriatrespunts.com\/es\/#website"},"datePublished":"2025-06-25T07:49:46+00:00","dateModified":"2025-09-18T10:08:45+00:00","breadcrumb":{"@id":"https:\/\/llibreriapapereriatrespunts.com\/es\/politica-de-cookies\/#breadcrumb"},"inLanguage":"es","potentialAction":[{"@type":"ReadAction","target":["https:\/\/llibreriapapereriatrespunts.com\/es\/politica-de-cookies\/"]}]},{"@type":"BreadcrumbList","@id":"https:\/\/llibreriapapereriatrespunts.com\/es\/politica-de-cookies\/#breadcrumb","itemListElement":[{"@type":"ListItem","position":1,"name":"Portada","item":"https:\/\/llibreriapapereriatrespunts.com\/es\/"},{"@type":"ListItem","position":2,"name":"Pol\u00edtica de Cookies"}]},{"@type":"WebSite","@id":"https:\/\/llibreriapapereriatrespunts.com\/es\/#website","url":"https:\/\/llibreriapapereriatrespunts.com\/es\/","name":"3Punts","description":"","publisher":{"@id":"https:\/\/llibreriapapereriatrespunts.com\/es\/#organization"},"potentialAction":[{"@type":"SearchAction","target":{"@type":"EntryPoint","urlTemplate":"https:\/\/llibreriapapereriatrespunts.com\/es\/?s={search_term_string}"},"query-input":{"@type":"PropertyValueSpecification","valueRequired":true,"valueName":"search_term_string"}}],"inLanguage":"es"},{"@type":"Organization","@id":"https:\/\/llibreriapapereriatrespunts.com\/es\/#organization","name":"3Punts","url":"https:\/\/llibreriapapereriatrespunts.com\/es\/","logo":{"@type":"ImageObject","inLanguage":"es","@id":"https:\/\/llibreriapapereriatrespunts.com\/es\/#\/schema\/logo\/image\/","url":"https:\/\/llibreriapapereriatrespunts.com\/wp-content\/uploads\/2025\/06\/logo-3punts-color.svg","contentUrl":"https:\/\/llibreriapapereriatrespunts.com\/wp-content\/uploads\/2025\/06\/logo-3punts-color.svg","width":285,"height":53,"caption":"3Punts"},"image":{"@id":"https:\/\/llibreriapapereriatrespunts.com\/es\/#\/schema\/logo\/image\/"},"sameAs":["https:\/\/www.instagram.com\/llibreriapapereria3punts\/"]}]}},"_links":{"self":[{"href":"https:\/\/llibreriapapereriatrespunts.com\/es\/wp-json\/wp\/v2\/pages\/3506","targetHints":{"allow":["GET"]}}],"collection":[{"href":"https:\/\/llibreriapapereriatrespunts.com\/es\/wp-json\/wp\/v2\/pages"}],"about":[{"href":"https:\/\/llibreriapapereriatrespunts.com\/es\/wp-json\/wp\/v2\/types\/page"}],"author":[{"embeddable":true,"href":"https:\/\/llibreriapapereriatrespunts.com\/es\/wp-json\/wp\/v2\/users\/2"}],"replies":[{"embeddable":true,"href":"https:\/\/llibreriapapereriatrespunts.com\/es\/wp-json\/wp\/v2\/comments?post=3506"}],"version-history":[{"count":7,"href":"https:\/\/llibreriapapereriatrespunts.com\/es\/wp-json\/wp\/v2\/pages\/3506\/revisions"}],"predecessor-version":[{"id":3937,"href":"https:\/\/llibreriapapereriatrespunts.com\/es\/wp-json\/wp\/v2\/pages\/3506\/revisions\/3937"}],"wp:attachment":[{"href":"https:\/\/llibreriapapereriatrespunts.com\/es\/wp-json\/wp\/v2\/media?parent=3506"}],"curies":[{"name":"wp","href":"https:\/\/api.w.org\/{rel}","templated":true}]}}