{"id":3515,"date":"2025-06-25T09:45:34","date_gmt":"2025-06-25T07:45:34","guid":{"rendered":"https:\/\/llibreriapapereriatrespunts.com\/terminos-y-condiciones\/"},"modified":"2025-09-18T12:11:20","modified_gmt":"2025-09-18T10:11:20","slug":"terminos-y-condiciones","status":"publish","type":"page","link":"https:\/\/llibreriapapereriatrespunts.com\/es\/terminos-y-condiciones\/","title":{"rendered":"T\u00e9rminos y Condiciones"},"content":{"rendered":"\t\t<div data-elementor-type=\"wp-page\" data-elementor-id=\"3515\" class=\"elementor elementor-3515 elementor-2164\">\n\t\t\t\t<div class=\"elementor-element elementor-element-acfe772 e-con-full e-flex e-con e-parent\" data-id=\"acfe772\" data-element_type=\"container\" data-settings=\"{&quot;background_background&quot;:&quot;classic&quot;}\">\n\t\t<div class=\"elementor-element elementor-element-486a1d4 e-con-full e-flex e-con e-child\" data-id=\"486a1d4\" data-element_type=\"container\">\n\t\t\t\t<div class=\"elementor-element elementor-element-986f6ef elementor-position-left elementor-vertical-align-middle elementor-mobile-position-left elementor-vertical-align-middle elementor-view-default elementor-widget elementor-widget-icon-box\" data-id=\"986f6ef\" data-element_type=\"widget\" data-widget_type=\"icon-box.default\">\n\t\t\t\t<div class=\"elementor-widget-container\">\n\t\t\t\t\t\t\t<div class=\"elementor-icon-box-wrapper\">\n\n\t\t\t\t\t\t<div class=\"elementor-icon-box-icon\">\n\t\t\t\t<span  class=\"elementor-icon\">\n\t\t\t\t<svg xmlns=\"http:\/\/www.w3.org\/2000\/svg\" width=\"42\" height=\"42\" viewBox=\"0 0 42 42\" fill=\"none\"><circle cx=\"21\" cy=\"21\" r=\"21\" fill=\"#3E70B7\"><\/circle><\/svg>\t\t\t\t<\/span>\n\t\t\t<\/div>\n\t\t\t\n\t\t\t\t\t\t<div class=\"elementor-icon-box-content\">\n\n\t\t\t\t\t\t\t\t\t<h1 class=\"elementor-icon-box-title\">\n\t\t\t\t\t\t<span  >\n\t\t\t\t\t\t\tT\u00e9rminos y Condiciones\t\t\t\t\t\t<\/span>\n\t\t\t\t\t<\/h1>\n\t\t\t\t\n\t\t\t\t\n\t\t\t<\/div>\n\t\t\t\n\t\t<\/div>\n\t\t\t\t\t\t<\/div>\n\t\t\t\t<\/div>\n\t\t\t\t<\/div>\n\t\t\t\t<\/div>\n\t\t<div class=\"elementor-element elementor-element-30fb6f3 e-flex e-con-boxed e-con e-parent\" data-id=\"30fb6f3\" data-element_type=\"container\">\n\t\t\t\t\t<div class=\"e-con-inner\">\n\t\t<div class=\"elementor-element elementor-element-71fe4d7 e-con-full e-flex e-con e-child\" data-id=\"71fe4d7\" data-element_type=\"container\">\n\t\t\t\t<div data-raven-element-link=\"{&quot;url&quot;:&quot;https:\\\/\\\/llibreriapapereriatrespunts.com\\\/3punts\\\/&quot;,&quot;is_external&quot;:&quot;&quot;,&quot;nofollow&quot;:&quot;&quot;,&quot;custom_attributes&quot;:&quot;&quot;}\" style=\"cursor: pointer\" class=\"elementor-element elementor-element-3ce0abb elementor-position-left elementor-vertical-align-middle elementor-mobile-position-left elementor-vertical-align-middle elementor-view-default elementor-widget elementor-widget-icon-box\" data-id=\"3ce0abb\" data-element_type=\"widget\" data-widget_type=\"icon-box.default\">\n\t\t\t\t<div class=\"elementor-widget-container\">\n\t\t\t\t\t\t\t<div class=\"elementor-icon-box-wrapper\">\n\n\t\t\t\t\t\t<div class=\"elementor-icon-box-icon\">\n\t\t\t\t<a href=\"https:\/\/llibreriapapereriatrespunts.com\/es\/\" class=\"elementor-icon\" tabindex=\"-1\">\n\t\t\t\t<svg xmlns=\"http:\/\/www.w3.org\/2000\/svg\" width=\"33\" height=\"33\" viewBox=\"0 0 33 33\" fill=\"none\"><path d=\"M10.3086 16.1456L15.1807 11.2735M10.3086 16.1456L15.1807 21.0177M10.3086 16.1456H21.6769\" stroke=\"#3E70B7\" stroke-width=\"1.5\" stroke-linecap=\"round\" stroke-linejoin=\"round\"><\/path><\/svg>\t\t\t\t<\/a>\n\t\t\t<\/div>\n\t\t\t\n\t\t\t\t\t\t<div class=\"elementor-icon-box-content\">\n\n\t\t\t\t\n\t\t\t\t\t\t\t\t\t<p class=\"elementor-icon-box-description\">\n\t\t\t\t\t\t<span>Inicio<\/span> > \t\t\t\t\t<\/p>\n\t\t\t\t\n\t\t\t<\/div>\n\t\t\t\n\t\t<\/div>\n\t\t\t\t\t\t<\/div>\n\t\t\t\t<\/div>\n\t\t\t\t<\/div>\n\t\t<div class=\"elementor-element elementor-element-52b4e87 e-con-full e-flex e-con e-child\" data-id=\"52b4e87\" data-element_type=\"container\">\n\t\t\t\t<div class=\"elementor-element elementor-element-3910f6b elementor-widget elementor-widget-heading\" data-id=\"3910f6b\" data-element_type=\"widget\" data-widget_type=\"heading.default\">\n\t\t\t\t<div class=\"elementor-widget-container\">\n\t\t\t\t\t<h2 class=\"elementor-heading-title elementor-size-default\">1. Reservas y disponibilidad<\/h2>\t\t\t\t<\/div>\n\t\t\t\t<\/div>\n\t\t\t\t<div class=\"elementor-element elementor-element-e0e05b1 elementor-widget elementor-widget-text-editor\" data-id=\"e0e05b1\" data-element_type=\"widget\" data-widget_type=\"text-editor.default\">\n\t\t\t\t<div class=\"elementor-widget-container\">\n\t\t\t\t\t\t\t\t\t<p>Las reservas de libros se pueden realizar tanto presencialmente en la tienda como mediante encargo. Toda reserva permanece activa durante un m\u00e1ximo de 7 d\u00edas naturales; si no se recoge en ese plazo, el libro vuelve a estar disponible para la venta.<\/p>\n<p>Los libros que aparecen como \u201cdisponible online\u201d en la web pueden ser solicitados con rapidez, pero no siempre est\u00e1n f\u00edsicamente en stock en la librer\u00eda.<\/p>\n\t\t\t\t\t\t\t\t<\/div>\n\t\t\t\t<\/div>\n\t\t\t\t<\/div>\n\t\t<div class=\"elementor-element elementor-element-72b7175 e-con-full e-flex e-con e-child\" data-id=\"72b7175\" data-element_type=\"container\">\n\t\t\t\t<div class=\"elementor-element elementor-element-a7211c6 elementor-widget elementor-widget-heading\" data-id=\"a7211c6\" data-element_type=\"widget\" data-widget_type=\"heading.default\">\n\t\t\t\t<div class=\"elementor-widget-container\">\n\t\t\t\t\t<h2 class=\"elementor-heading-title elementor-size-default\">2. Plazos y recogida<\/h2>\t\t\t\t<\/div>\n\t\t\t\t<\/div>\n\t\t\t\t<div class=\"elementor-element elementor-element-b8163ad elementor-widget elementor-widget-text-editor\" data-id=\"b8163ad\" data-element_type=\"widget\" data-widget_type=\"text-editor.default\">\n\t\t\t\t<div class=\"elementor-widget-container\">\n\t\t\t\t\t\t\t\t\t<p>Una vez que el libro est\u00e9 disponible, se contactar\u00e1 al cliente por tel\u00e9fono o correo electr\u00f3nico para informarle de que puede pasarlo a recoger.<\/p>\n<p>Los plazos de llegada pueden variar seg\u00fan el tipo de producto: los art\u00edculos disponibles online suelen llegar en un plazo de 24-48 horas laborables, mientras que los libros bajo pedido pueden tardar entre 7 y 30 d\u00edas. recogidas en la tienda f\u00edsica (Av. del Pont, 4 \u2013 Solsona), ya que no se realizan env\u00edos a domicilio.<\/p>\n\t\t\t\t\t\t\t\t<\/div>\n\t\t\t\t<\/div>\n\t\t\t\t<\/div>\n\t\t<div class=\"elementor-element elementor-element-b3272d5 e-con-full e-flex e-con e-child\" data-id=\"b3272d5\" data-element_type=\"container\">\n\t\t\t\t<div class=\"elementor-element elementor-element-85ede51 elementor-widget elementor-widget-heading\" data-id=\"85ede51\" data-element_type=\"widget\" data-widget_type=\"heading.default\">\n\t\t\t\t<div class=\"elementor-widget-container\">\n\t\t\t\t\t<h2 class=\"elementor-heading-title elementor-size-default\">3. Precios y facturaci\u00f3n<\/h2>\t\t\t\t<\/div>\n\t\t\t\t<\/div>\n\t\t\t\t<div class=\"elementor-element elementor-element-6df51cb elementor-widget elementor-widget-text-editor\" data-id=\"6df51cb\" data-element_type=\"widget\" data-widget_type=\"text-editor.default\">\n\t\t\t\t<div class=\"elementor-widget-container\">\n\t\t\t\t\t\t\t\t\t<p>Todos los precios indicados incluyen el IVA y otros impuestos aplicables.<\/p>\n<p>Los precios de los libros pueden sufrir modificaciones, especialmente en el caso de libros de importaci\u00f3n, que est\u00e1n sujetos a fluctuaciones de moneda o actualizaciones por parte de la editorial.<\/p>\n<p>Las facturas se pueden solicitar directamente en la botella <a href=\"mailto:contabilidad3puntos@gmail.com\" target=\"_blank\" rel=\"noopener\">contabilidad3puntos@gmail.com<\/a>.<\/p>\n\t\t\t\t\t\t\t\t<\/div>\n\t\t\t\t<\/div>\n\t\t\t\t<\/div>\n\t\t<div class=\"elementor-element elementor-element-2c2a398 e-con-full e-flex e-con e-child\" data-id=\"2c2a398\" data-element_type=\"container\">\n\t\t\t\t<div class=\"elementor-element elementor-element-a7f48fc elementor-widget elementor-widget-heading\" data-id=\"a7f48fc\" data-element_type=\"widget\" data-widget_type=\"heading.default\">\n\t\t\t\t<div class=\"elementor-widget-container\">\n\t\t\t\t\t<h2 class=\"elementor-heading-title elementor-size-default\">4. Pagos<\/h2>\t\t\t\t<\/div>\n\t\t\t\t<\/div>\n\t\t\t\t<div class=\"elementor-element elementor-element-f1bdbcf elementor-widget elementor-widget-text-editor\" data-id=\"f1bdbcf\" data-element_type=\"widget\" data-widget_type=\"text-editor.default\">\n\t\t\t\t<div class=\"elementor-widget-container\">\n\t\t\t\t\t\t\t\t\t<p>Los m\u00e9todos de pago aceptados son los siguientes:<\/p>\n<ul>\n<li>Efectivo (no se admiten billetes superiores a 100 \u20ac)<\/li>\n<li>Tarjetas de cr\u00e9dito o d\u00e9bito<\/li>\n<li>Bizum<\/li>\n<\/ul>\n<p>Todas las transacciones se procesan con tecnolog\u00eda cifrada y segura.<\/p>\n\t\t\t\t\t\t\t\t<\/div>\n\t\t\t\t<\/div>\n\t\t\t\t<\/div>\n\t\t<div class=\"elementor-element elementor-element-373862c e-con-full e-flex e-con e-child\" data-id=\"373862c\" data-element_type=\"container\">\n\t\t\t\t<div class=\"elementor-element elementor-element-bad81af elementor-widget elementor-widget-heading\" data-id=\"bad81af\" data-element_type=\"widget\" data-widget_type=\"heading.default\">\n\t\t\t\t<div class=\"elementor-widget-container\">\n\t\t\t\t\t<h2 class=\"elementor-heading-title elementor-size-default\">5. Cancelaciones y devoluciones<\/h2>\t\t\t\t<\/div>\n\t\t\t\t<\/div>\n\t\t\t\t<div class=\"elementor-element elementor-element-7f85d9e elementor-widget elementor-widget-text-editor\" data-id=\"7f85d9e\" data-element_type=\"widget\" data-widget_type=\"text-editor.default\">\n\t\t\t\t<div class=\"elementor-widget-container\">\n\t\t\t\t\t\t\t\t\t<p>Se pueden cancelar pedidos sin coste alguno siempre que a\u00fan no hayan sido gestionados. Una vez preparado el pedido, cualquier solicitud se considerar\u00e1 una devoluci\u00f3n.<\/p>\n<p>Las devoluciones se admiten dentro de un plazo de 14 d\u00edas naturales desde la recogida, siempre que los libros se encuentren en perfecto estado y sin signos de uso.<\/p>\n<p>No se aceptan devoluciones de libros de libros de importaci\u00f3n, con dedicatorias.<\/p>\n<p>En caso de que un libro llegue defectuoso (problemas de impresi\u00f3n, encuadernaci\u00f3n, etc.), se podr\u00e1 devolver sin coste adicional. Se sustituir\u00e1 por un nuevo ejemplar o se reembolsar\u00e1 el importe completo, incluyendo los gastos de compra.<\/p>\n<p>No se admiten devoluciones de art\u00edculos que no sean libros.<\/p>\n<p>Los cambios de libros est\u00e1n permitidos siempre que el producto no presente da\u00f1os y est\u00e9 en estado nuevo, sujeto a la disponibilidad de este.<\/p>\n\t\t\t\t\t\t\t\t<\/div>\n\t\t\t\t<\/div>\n\t\t\t\t<\/div>\n\t\t<div class=\"elementor-element elementor-element-654ff14 e-con-full e-flex e-con e-child\" data-id=\"654ff14\" data-element_type=\"container\">\n\t\t\t\t<div class=\"elementor-element elementor-element-01ffda3 elementor-widget elementor-widget-heading\" data-id=\"01ffda3\" data-element_type=\"widget\" data-widget_type=\"heading.default\">\n\t\t\t\t<div class=\"elementor-widget-container\">\n\t\t\t\t\t<h2 class=\"elementor-heading-title elementor-size-default\">6. Libros internacionales y manuscritos<\/h2>\t\t\t\t<\/div>\n\t\t\t\t<\/div>\n\t\t\t\t<div class=\"elementor-element elementor-element-169f46e elementor-widget elementor-widget-text-editor\" data-id=\"169f46e\" data-element_type=\"widget\" data-widget_type=\"text-editor.default\">\n\t\t\t\t<div class=\"elementor-widget-container\">\n\t\t\t\t\t\t\t\t\t<p>Los libros internacionales pueden ser adquiridos bajo pedido previo, con plazos y condiciones seg\u00fan disponibilidad.<\/p>\n<p>No se aceptan manuscritos ni propuestas editoriales para publicaci\u00f3n.<\/p>\n\t\t\t\t\t\t\t\t<\/div>\n\t\t\t\t<\/div>\n\t\t\t\t<\/div>\n\t\t<div class=\"elementor-element elementor-element-23be066 e-con-full e-flex e-con e-child\" data-id=\"23be066\" data-element_type=\"container\">\n\t\t\t\t<div class=\"elementor-element elementor-element-8f4b917 elementor-widget elementor-widget-heading\" data-id=\"8f4b917\" data-element_type=\"widget\" data-widget_type=\"heading.default\">\n\t\t\t\t<div class=\"elementor-widget-container\">\n\t\t\t\t\t<h2 class=\"elementor-heading-title elementor-size-default\">7. Datos personales y privacidad<\/h2>\t\t\t\t<\/div>\n\t\t\t\t<\/div>\n\t\t\t\t<div class=\"elementor-element elementor-element-a543f81 elementor-widget elementor-widget-text-editor\" data-id=\"a543f81\" data-element_type=\"widget\" data-widget_type=\"text-editor.default\">\n\t\t\t\t<div class=\"elementor-widget-container\">\n\t\t\t\t\t\t\t\t\t<p>De acuerdo con la legislaci\u00f3n vigente en materia de protecci\u00f3n de datos (LOPDGDD y RGPD), toda la informaci\u00f3n personal recogida ser\u00e1 tratada de forma confidencial y con fines exclusivamente comerciales y operativos.<\/p>\n<p>Los usuarios pueden ejercer sus derechos de acceso, rectificaci\u00f3n, cancelaci\u00f3n u oposici\u00f3n contactando con el equipo de la librer\u00eda.<\/p>\n\t\t\t\t\t\t\t\t<\/div>\n\t\t\t\t<\/div>\n\t\t\t\t<\/div>\n\t\t<div class=\"elementor-element elementor-element-cf93e3c e-con-full e-flex e-con e-child\" data-id=\"cf93e3c\" data-element_type=\"container\">\n\t\t\t\t<div class=\"elementor-element elementor-element-09c2d4c elementor-widget elementor-widget-heading\" data-id=\"09c2d4c\" data-element_type=\"widget\" data-widget_type=\"heading.default\">\n\t\t\t\t<div class=\"elementor-widget-container\">\n\t\t\t\t\t<h2 class=\"elementor-heading-title elementor-size-default\">8. Contacto<\/h2>\t\t\t\t<\/div>\n\t\t\t\t<\/div>\n\t\t\t\t<div class=\"elementor-element elementor-element-82ec228 elementor-widget elementor-widget-text-editor\" data-id=\"82ec228\" data-element_type=\"widget\" data-widget_type=\"text-editor.default\">\n\t\t\t\t<div class=\"elementor-widget-container\">\n\t\t\t\t\t\t\t\t\t<p>Para cualquier consulta, puedes contactar a trav\u00e9s de:<\/p>\n<ul>\n<li>Mail:\u00a0<span style=\"text-decoration: underline;\"><a href=\"mailto:info@llibreriapapereriatrespunts.com\" target=\"_blank\" rel=\"noopener\">info@llibreriapapereriatrespunts.com<\/a><\/span>\u00a0\/\u00a0<span style=\"text-decoration: underline;\"><a href=\"mailto:papereria3punts@gmail.com\" target=\"_blank\" rel=\"noopener\">papereria3punts@gmail.com<\/a><\/span><\/li>\n<li>Tel\u00e9fono: <span style=\"text-decoration: underline;\"><a href=\"tel:+34973481665\" target=\"_blank\" rel=\"noopener\">973 48 16 65<\/a><\/span><\/li>\n<li>WhatsApp:\u00a0<span style=\"text-decoration: underline;\"><a href=\"https:\/\/wa.me\/638748118\" target=\"_blank\" rel=\"noopener\">638 748 118<\/a><\/span><\/li>\n<li>Direcci\u00f3n: <span style=\"text-decoration: underline;\"><a href=\"https:\/\/maps.app.goo.gl\/DXNfg9RdhtFmtu6H6\" target=\"_blank\" rel=\"noopener\">Av. del Pont, 4 \u2013 25280 Solsona<\/a><\/span><\/li>\n<\/ul>\n<p>Para formar parte del equipo, es necesario enviar el curr\u00edculum a <a href=\"mailto:info@llibreriapapereriatrespunts.com\" target=\"_blank\" rel=\"noopener\"><span style=\"text-decoration: underline;\">info@llibreriapapereriatrespunts.com<\/span><\/a> o presentarlo personalmente en tienda.<\/p>\n\t\t\t\t\t\t\t\t<\/div>\n\t\t\t\t<\/div>\n\t\t\t\t<\/div>\n\t\t<div class=\"elementor-element elementor-element-3dc5856 e-con-full e-flex e-con e-child\" data-id=\"3dc5856\" data-element_type=\"container\">\n\t\t\t\t<div class=\"elementor-element elementor-element-2fb3172 elementor-widget elementor-widget-heading\" data-id=\"2fb3172\" data-element_type=\"widget\" data-widget_type=\"heading.default\">\n\t\t\t\t<div class=\"elementor-widget-container\">\n\t\t\t\t\t<h2 class=\"elementor-heading-title elementor-size-default\">9. Cl\u00e1usulas legales<\/h2>\t\t\t\t<\/div>\n\t\t\t\t<\/div>\n\t\t\t\t<div class=\"elementor-element elementor-element-b3a27f4 elementor-widget elementor-widget-text-editor\" data-id=\"b3a27f4\" data-element_type=\"widget\" data-widget_type=\"text-editor.default\">\n\t\t\t\t<div class=\"elementor-widget-container\">\n\t\t\t\t\t\t\t\t\t<p>Estas condiciones se rigen por la legislaci\u00f3n espa\u00f1ola. En caso de controversia, los tribunales de Solsona ser\u00e1n los competentes para resolver cualquier conflicto.<\/p>\n<p>El contenido de este sitio web est\u00e1 protegido por la normativa de propiedad intelectual. contenidos, ya no realizar acciones fraudulentas, ofensivas o ilegales que puedan afectar a terceros o al buen funcionamiento del servicio.<\/p>\n\t\t\t\t\t\t\t\t<\/div>\n\t\t\t\t<\/div>\n\t\t\t\t<div class=\"elementor-element elementor-element-ae6cb6d elementor-widget elementor-widget-text-editor\" data-id=\"ae6cb6d\" data-element_type=\"widget\" data-widget_type=\"text-editor.default\">\n\t\t\t\t<div class=\"elementor-widget-container\">\n\t\t\t\t\t\t\t\t\t<p>Fecha de actualizaci\u00f3n: junio de 2025<\/p>\n\t\t\t\t\t\t\t\t<\/div>\n\t\t\t\t<\/div>\n\t\t\t\t<\/div>\n\t\t\t\t\t<\/div>\n\t\t\t\t<\/div>\n\t\t\t\t<\/div>\n\t\t","protected":false},"excerpt":{"rendered":"<p>T\u00e9rminos y Condiciones Inicio > 1. Reservas y disponibilidad Las reservas de libros se pueden realizar tanto presencialmente en la tienda como mediante encargo. Toda reserva permanece activa durante un m\u00e1ximo de 7 d\u00edas naturales; si no se recoge en ese plazo, el libro vuelve a estar disponible para la venta. Los libros que aparecen [&hellip;]<\/p>\n","protected":false},"author":2,"featured_media":0,"parent":0,"menu_order":0,"comment_status":"closed","ping_status":"closed","template":"elementor_header_footer","meta":{"_acf_changed":false,"footnotes":""},"class_list":["post-3515","page","type-page","status-publish","hentry"],"acf":[],"yoast_head":"<!-- This site is optimized with the Yoast SEO plugin v25.2 - https:\/\/yoast.com\/wordpress\/plugins\/seo\/ -->\n<title>T\u00e9rminos y Condiciones - Tres Punts<\/title>\n<meta name=\"robots\" content=\"index, follow, max-snippet:-1, max-image-preview:large, max-video-preview:-1\" \/>\n<link rel=\"canonical\" href=\"https:\/\/llibreriapapereriatrespunts.com\/es\/terminos-y-condiciones\/\" \/>\n<meta property=\"og:locale\" content=\"es_ES\" \/>\n<meta property=\"og:type\" content=\"article\" \/>\n<meta property=\"og:title\" content=\"T\u00e9rminos y Condiciones - Tres Punts\" \/>\n<meta property=\"og:description\" content=\"T\u00e9rminos y Condiciones Inicio &gt; 1. Reservas y disponibilidad Las reservas de libros se pueden realizar tanto presencialmente en la tienda como mediante encargo. Toda reserva permanece activa durante un m\u00e1ximo de 7 d\u00edas naturales; si no se recoge en ese plazo, el libro vuelve a estar disponible para la venta. Los libros que aparecen [&hellip;]\" \/>\n<meta property=\"og:url\" content=\"https:\/\/llibreriapapereriatrespunts.com\/es\/terminos-y-condiciones\/\" \/>\n<meta property=\"og:site_name\" content=\"Tres Punts\" \/>\n<meta property=\"article:modified_time\" content=\"2025-09-18T10:11:20+00:00\" \/>\n<meta name=\"twitter:card\" content=\"summary_large_image\" \/>\n<meta name=\"twitter:label1\" content=\"Tiempo de lectura\" \/>\n\t<meta name=\"twitter:data1\" content=\"3 minutos\" \/>\n<script type=\"application\/ld+json\" class=\"yoast-schema-graph\">{\"@context\":\"https:\/\/schema.org\",\"@graph\":[{\"@type\":\"WebPage\",\"@id\":\"https:\/\/llibreriapapereriatrespunts.com\/es\/terminos-y-condiciones\/\",\"url\":\"https:\/\/llibreriapapereriatrespunts.com\/es\/terminos-y-condiciones\/\",\"name\":\"T\u00e9rminos y Condiciones - Tres Punts\",\"isPartOf\":{\"@id\":\"https:\/\/llibreriapapereriatrespunts.com\/es\/#website\"},\"datePublished\":\"2025-06-25T07:45:34+00:00\",\"dateModified\":\"2025-09-18T10:11:20+00:00\",\"breadcrumb\":{\"@id\":\"https:\/\/llibreriapapereriatrespunts.com\/es\/terminos-y-condiciones\/#breadcrumb\"},\"inLanguage\":\"es\",\"potentialAction\":[{\"@type\":\"ReadAction\",\"target\":[\"https:\/\/llibreriapapereriatrespunts.com\/es\/terminos-y-condiciones\/\"]}]},{\"@type\":\"BreadcrumbList\",\"@id\":\"https:\/\/llibreriapapereriatrespunts.com\/es\/terminos-y-condiciones\/#breadcrumb\",\"itemListElement\":[{\"@type\":\"ListItem\",\"position\":1,\"name\":\"Portada\",\"item\":\"https:\/\/llibreriapapereriatrespunts.com\/es\/\"},{\"@type\":\"ListItem\",\"position\":2,\"name\":\"T\u00e9rminos y Condiciones\"}]},{\"@type\":\"WebSite\",\"@id\":\"https:\/\/llibreriapapereriatrespunts.com\/es\/#website\",\"url\":\"https:\/\/llibreriapapereriatrespunts.com\/es\/\",\"name\":\"3Punts\",\"description\":\"\",\"publisher\":{\"@id\":\"https:\/\/llibreriapapereriatrespunts.com\/es\/#organization\"},\"potentialAction\":[{\"@type\":\"SearchAction\",\"target\":{\"@type\":\"EntryPoint\",\"urlTemplate\":\"https:\/\/llibreriapapereriatrespunts.com\/es\/?s={search_term_string}\"},\"query-input\":{\"@type\":\"PropertyValueSpecification\",\"valueRequired\":true,\"valueName\":\"search_term_string\"}}],\"inLanguage\":\"es\"},{\"@type\":\"Organization\",\"@id\":\"https:\/\/llibreriapapereriatrespunts.com\/es\/#organization\",\"name\":\"3Punts\",\"url\":\"https:\/\/llibreriapapereriatrespunts.com\/es\/\",\"logo\":{\"@type\":\"ImageObject\",\"inLanguage\":\"es\",\"@id\":\"https:\/\/llibreriapapereriatrespunts.com\/es\/#\/schema\/logo\/image\/\",\"url\":\"https:\/\/llibreriapapereriatrespunts.com\/wp-content\/uploads\/2025\/06\/logo-3punts-color.svg\",\"contentUrl\":\"https:\/\/llibreriapapereriatrespunts.com\/wp-content\/uploads\/2025\/06\/logo-3punts-color.svg\",\"width\":285,\"height\":53,\"caption\":\"3Punts\"},\"image\":{\"@id\":\"https:\/\/llibreriapapereriatrespunts.com\/es\/#\/schema\/logo\/image\/\"},\"sameAs\":[\"https:\/\/www.instagram.com\/llibreriapapereria3punts\/\"]}]}<\/script>\n<!-- \/ Yoast SEO plugin. -->","yoast_head_json":{"title":"T\u00e9rminos y Condiciones - Tres Punts","robots":{"index":"index","follow":"follow","max-snippet":"max-snippet:-1","max-image-preview":"max-image-preview:large","max-video-preview":"max-video-preview:-1"},"canonical":"https:\/\/llibreriapapereriatrespunts.com\/es\/terminos-y-condiciones\/","og_locale":"es_ES","og_type":"article","og_title":"T\u00e9rminos y Condiciones - Tres Punts","og_description":"T\u00e9rminos y Condiciones Inicio > 1. Reservas y disponibilidad Las reservas de libros se pueden realizar tanto presencialmente en la tienda como mediante encargo. Toda reserva permanece activa durante un m\u00e1ximo de 7 d\u00edas naturales; si no se recoge en ese plazo, el libro vuelve a estar disponible para la venta. Los libros que aparecen [&hellip;]","og_url":"https:\/\/llibreriapapereriatrespunts.com\/es\/terminos-y-condiciones\/","og_site_name":"Tres Punts","article_modified_time":"2025-09-18T10:11:20+00:00","twitter_card":"summary_large_image","twitter_misc":{"Tiempo de lectura":"3 minutos"},"schema":{"@context":"https:\/\/schema.org","@graph":[{"@type":"WebPage","@id":"https:\/\/llibreriapapereriatrespunts.com\/es\/terminos-y-condiciones\/","url":"https:\/\/llibreriapapereriatrespunts.com\/es\/terminos-y-condiciones\/","name":"T\u00e9rminos y Condiciones - Tres Punts","isPartOf":{"@id":"https:\/\/llibreriapapereriatrespunts.com\/es\/#website"},"datePublished":"2025-06-25T07:45:34+00:00","dateModified":"2025-09-18T10:11:20+00:00","breadcrumb":{"@id":"https:\/\/llibreriapapereriatrespunts.com\/es\/terminos-y-condiciones\/#breadcrumb"},"inLanguage":"es","potentialAction":[{"@type":"ReadAction","target":["https:\/\/llibreriapapereriatrespunts.com\/es\/terminos-y-condiciones\/"]}]},{"@type":"BreadcrumbList","@id":"https:\/\/llibreriapapereriatrespunts.com\/es\/terminos-y-condiciones\/#breadcrumb","itemListElement":[{"@type":"ListItem","position":1,"name":"Portada","item":"https:\/\/llibreriapapereriatrespunts.com\/es\/"},{"@type":"ListItem","position":2,"name":"T\u00e9rminos y Condiciones"}]},{"@type":"WebSite","@id":"https:\/\/llibreriapapereriatrespunts.com\/es\/#website","url":"https:\/\/llibreriapapereriatrespunts.com\/es\/","name":"3Punts","description":"","publisher":{"@id":"https:\/\/llibreriapapereriatrespunts.com\/es\/#organization"},"potentialAction":[{"@type":"SearchAction","target":{"@type":"EntryPoint","urlTemplate":"https:\/\/llibreriapapereriatrespunts.com\/es\/?s={search_term_string}"},"query-input":{"@type":"PropertyValueSpecification","valueRequired":true,"valueName":"search_term_string"}}],"inLanguage":"es"},{"@type":"Organization","@id":"https:\/\/llibreriapapereriatrespunts.com\/es\/#organization","name":"3Punts","url":"https:\/\/llibreriapapereriatrespunts.com\/es\/","logo":{"@type":"ImageObject","inLanguage":"es","@id":"https:\/\/llibreriapapereriatrespunts.com\/es\/#\/schema\/logo\/image\/","url":"https:\/\/llibreriapapereriatrespunts.com\/wp-content\/uploads\/2025\/06\/logo-3punts-color.svg","contentUrl":"https:\/\/llibreriapapereriatrespunts.com\/wp-content\/uploads\/2025\/06\/logo-3punts-color.svg","width":285,"height":53,"caption":"3Punts"},"image":{"@id":"https:\/\/llibreriapapereriatrespunts.com\/es\/#\/schema\/logo\/image\/"},"sameAs":["https:\/\/www.instagram.com\/llibreriapapereria3punts\/"]}]}},"_links":{"self":[{"href":"https:\/\/llibreriapapereriatrespunts.com\/es\/wp-json\/wp\/v2\/pages\/3515","targetHints":{"allow":["GET"]}}],"collection":[{"href":"https:\/\/llibreriapapereriatrespunts.com\/es\/wp-json\/wp\/v2\/pages"}],"about":[{"href":"https:\/\/llibreriapapereriatrespunts.com\/es\/wp-json\/wp\/v2\/types\/page"}],"author":[{"embeddable":true,"href":"https:\/\/llibreriapapereriatrespunts.com\/es\/wp-json\/wp\/v2\/users\/2"}],"replies":[{"embeddable":true,"href":"https:\/\/llibreriapapereriatrespunts.com\/es\/wp-json\/wp\/v2\/comments?post=3515"}],"version-history":[{"count":7,"href":"https:\/\/llibreriapapereriatrespunts.com\/es\/wp-json\/wp\/v2\/pages\/3515\/revisions"}],"predecessor-version":[{"id":3939,"href":"https:\/\/llibreriapapereriatrespunts.com\/es\/wp-json\/wp\/v2\/pages\/3515\/revisions\/3939"}],"wp:attachment":[{"href":"https:\/\/llibreriapapereriatrespunts.com\/es\/wp-json\/wp\/v2\/media?parent=3515"}],"curies":[{"name":"wp","href":"https:\/\/api.w.org\/{rel}","templated":true}]}}